{"id":1190,"date":"2023-05-04T17:51:54","date_gmt":"2023-05-04T15:51:54","guid":{"rendered":"https:\/\/www.telde2001.com\/?page_id=1190"},"modified":"2023-10-30T17:11:29","modified_gmt":"2023-10-30T16:11:29","slug":"us","status":"publish","type":"page","link":"https:\/\/www.telde2001.com\/en\/nosotros\/","title":{"rendered":"About Us"},"content":{"rendered":"<div data-elementor-type=\"wp-page\" data-elementor-id=\"1190\" class=\"elementor elementor-1190\" data-elementor-post-type=\"page\">\n\t\t\t\t\t\t<section class=\"elementor-section elementor-top-section elementor-element elementor-element-7b27db67 elementor-section-boxed elementor-section-height-default elementor-section-height-default\" data-id=\"7b27db67\" data-element_type=\"section\" data-e-type=\"section\" data-settings=\"{&quot;background_background&quot;:&quot;classic&quot;}\">\n\t\t\t\t\t\t\t<div class=\"elementor-background-overlay\"><\/div>\n\t\t\t\t\t\t\t<div class=\"elementor-container elementor-column-gap-no\">\n\t\t\t\t\t<div class=\"elementor-column elementor-col-100 elementor-top-column elementor-element elementor-element-4dfb868\" data-id=\"4dfb868\" data-element_type=\"column\" data-e-type=\"column\">\n\t\t\t<div class=\"elementor-widget-wrap elementor-element-populated\">\n\t\t\t\t\t\t<div class=\"elementor-element elementor-element-2aafe789 elementor-widget elementor-widget-heading\" data-id=\"2aafe789\" data-element_type=\"widget\" data-e-type=\"widget\" data-widget_type=\"heading.default\">\n\t\t\t\t<div class=\"elementor-widget-container\">\n\t\t\t\t\t<h1 class=\"elementor-heading-title elementor-size-default\">About us<\/h1>\t\t\t\t<\/div>\n\t\t\t\t<\/div>\n\t\t\t\t<div class=\"elementor-element elementor-element-3db46ec9 elementor-widget elementor-widget-heading\" data-id=\"3db46ec9\" data-element_type=\"widget\" data-e-type=\"widget\" data-widget_type=\"heading.default\">\n\t\t\t\t<div class=\"elementor-widget-container\">\n\t\t\t\t\t<h2 class=\"elementor-heading-title elementor-size-large\">Committed to your satisfaction and excellence in each project<\/h2>\t\t\t\t<\/div>\n\t\t\t\t<\/div>\n\t\t\t\t<div class=\"elementor-element elementor-element-7051d514 elementor-widget-divider--view-line elementor-widget elementor-widget-divider\" data-id=\"7051d514\" data-element_type=\"widget\" data-e-type=\"widget\" data-widget_type=\"divider.default\">\n\t\t\t\t<div class=\"elementor-widget-container\">\n\t\t\t\t\t\t\t<div class=\"elementor-divider\">\n\t\t\t<span class=\"elementor-divider-separator\">\n\t\t\t\t\t\t<\/span>\n\t\t<\/div>\n\t\t\t\t\t\t<\/div>\n\t\t\t\t<\/div>\n\t\t\t\t\t<\/div>\n\t\t<\/div>\n\t\t\t\t\t<\/div>\n\t\t<\/section>\n\t\t\t\t<section class=\"elementor-section elementor-top-section elementor-element elementor-element-1eb10be elementor-section-full_width elementor-section-height-default elementor-section-height-default\" data-id=\"1eb10be\" data-element_type=\"section\" data-e-type=\"section\">\n\t\t\t\t\t\t<div class=\"elementor-container elementor-column-gap-no\">\n\t\t\t\t\t<div class=\"elementor-column elementor-col-100 elementor-top-column elementor-element elementor-element-726feacf\" data-id=\"726feacf\" data-element_type=\"column\" data-e-type=\"column\">\n\t\t\t<div class=\"elementor-widget-wrap elementor-element-populated\">\n\t\t\t\t\t\t<div class=\"elementor-element elementor-element-479ed82c elementor-widget elementor-widget-heading\" data-id=\"479ed82c\" data-element_type=\"widget\" data-e-type=\"widget\" data-widget_type=\"heading.default\">\n\t\t\t\t<div class=\"elementor-widget-container\">\n\t\t\t\t\t<span class=\"elementor-heading-title elementor-size-default\">About us<\/span>\t\t\t\t<\/div>\n\t\t\t\t<\/div>\n\t\t\t\t\t<\/div>\n\t\t<\/div>\n\t\t\t\t\t<\/div>\n\t\t<\/section>\n\t\t\t\t<section class=\"elementor-section elementor-top-section elementor-element elementor-element-5aecb9be elementor-section-content-middle elementor-section-boxed elementor-section-height-default elementor-section-height-default\" data-id=\"5aecb9be\" data-element_type=\"section\" data-e-type=\"section\">\n\t\t\t\t\t\t<div class=\"elementor-container elementor-column-gap-no\">\n\t\t\t\t\t<div class=\"elementor-column elementor-col-50 elementor-top-column elementor-element elementor-element-36382d83\" data-id=\"36382d83\" data-element_type=\"column\" data-e-type=\"column\">\n\t\t\t<div class=\"elementor-widget-wrap elementor-element-populated\">\n\t\t\t\t\t\t<div class=\"elementor-element elementor-element-4b1d094a elementor-widget__width-auto elementor-widget-divider--view-line elementor-widget elementor-widget-divider\" data-id=\"4b1d094a\" data-element_type=\"widget\" data-e-type=\"widget\" data-widget_type=\"divider.default\">\n\t\t\t\t<div class=\"elementor-widget-container\">\n\t\t\t\t\t\t\t<div class=\"elementor-divider\">\n\t\t\t<span class=\"elementor-divider-separator\">\n\t\t\t\t\t\t<\/span>\n\t\t<\/div>\n\t\t\t\t\t\t<\/div>\n\t\t\t\t<\/div>\n\t\t\t\t<div class=\"elementor-element elementor-element-16b40f1c elementor-widget elementor-widget-heading\" data-id=\"16b40f1c\" data-element_type=\"widget\" data-e-type=\"widget\" data-widget_type=\"heading.default\">\n\t\t\t\t<div class=\"elementor-widget-container\">\n\t\t\t\t\t<h2 class=\"elementor-heading-title elementor-size-default\">Our Passion for Construction and Transformation<\/h2>\t\t\t\t<\/div>\n\t\t\t\t<\/div>\n\t\t\t\t<div class=\"elementor-element elementor-element-59d9c772 elementor-widget elementor-widget-text-editor\" data-id=\"59d9c772\" data-element_type=\"widget\" data-e-type=\"widget\" data-widget_type=\"text-editor.default\">\n\t\t\t\t<div class=\"elementor-widget-container\">\n\t\t\t\t\t\t\t\t\t<p>At CONSTRUCCIONES TELDE 2001, SL ., we are proud to be a leading construction and renovation company in Gran Canaria, providing personalized solutions and exceptional results to our clients. With a strong track record in the construction industry, we have earned a reputation as a high-quality and reliable company in our area.<\/p><p>Our team of highly qualified and passionate professionals share a common goal: to turn your dreams into reality. We specialize in all types of projects, from home renovations and commercial premises to the construction of new works. Each project is unique to us, and we are committed to providing you with personalized service and attention to detail at all stages.<\/p>\t\t\t\t\t\t\t\t<\/div>\n\t\t\t\t<\/div>\n\t\t\t\t\t<\/div>\n\t\t<\/div>\n\t\t\t\t<div class=\"elementor-column elementor-col-50 elementor-top-column elementor-element elementor-element-6ab08666\" data-id=\"6ab08666\" data-element_type=\"column\" data-e-type=\"column\" data-settings=\"{&quot;background_background&quot;:&quot;classic&quot;}\">\n\t\t\t<div class=\"elementor-widget-wrap elementor-element-populated\">\n\t\t\t\t\t<div class=\"elementor-background-overlay\"><\/div>\n\t\t\t\t\t\t<div class=\"elementor-element elementor-element-1ddcedfa elementor-widget elementor-widget-image\" data-id=\"1ddcedfa\" data-element_type=\"widget\" data-e-type=\"widget\" data-widget_type=\"image.default\">\n\t\t\t\t<div class=\"elementor-widget-container\">\n\t\t\t\t\t\t\t\t\t\t\t\t\t\t\t<img fetchpriority=\"high\" decoding=\"async\" width=\"1200\" height=\"1600\" src=\"https:\/\/www.telde2001.com\/wp-content\/uploads\/2023\/05\/458225_496980323658547_1000638643_o.jpg\" class=\"attachment-full size-full wp-image-1379\" alt=\"Neptune statue, Melenara beach\" srcset=\"https:\/\/www.telde2001.com\/wp-content\/uploads\/2023\/05\/458225_496980323658547_1000638643_o.jpg 1200w, https:\/\/www.telde2001.com\/wp-content\/uploads\/2023\/05\/458225_496980323658547_1000638643_o-225x300.jpg 225w, https:\/\/www.telde2001.com\/wp-content\/uploads\/2023\/05\/458225_496980323658547_1000638643_o-768x1024.jpg 768w, https:\/\/www.telde2001.com\/wp-content\/uploads\/2023\/05\/458225_496980323658547_1000638643_o-1152x1536.jpg 1152w, https:\/\/www.telde2001.com\/wp-content\/uploads\/2023\/05\/458225_496980323658547_1000638643_o-9x12.jpg 9w\" sizes=\"(max-width: 1200px) 100vw, 1200px\" \/>\t\t\t\t\t\t\t\t\t\t\t\t\t\t\t<\/div>\n\t\t\t\t<\/div>\n\t\t\t\t<div class=\"elementor-element elementor-element-5c2e1a5 elementor-widget elementor-widget-heading\" data-id=\"5c2e1a5\" data-element_type=\"widget\" data-e-type=\"widget\" data-widget_type=\"heading.default\">\n\t\t\t\t<div class=\"elementor-widget-container\">\n\t\t\t\t\t<h2 class=\"elementor-heading-title elementor-size-default\">one of our jobs<\/h2>\t\t\t\t<\/div>\n\t\t\t\t<\/div>\n\t\t\t\t<div class=\"elementor-element elementor-element-3acd121b elementor-widget elementor-widget-heading\" data-id=\"3acd121b\" data-element_type=\"widget\" data-e-type=\"widget\" data-widget_type=\"heading.default\">\n\t\t\t\t<div class=\"elementor-widget-container\">\n\t\t\t\t\t<h3 class=\"elementor-heading-title elementor-size-default\">Placement of the God Neptune on the Melenara beach (Telde - Las Palmas de Gran Canaria)<\/h3>\t\t\t\t<\/div>\n\t\t\t\t<\/div>\n\t\t\t\t\t<\/div>\n\t\t<\/div>\n\t\t\t\t\t<\/div>\n\t\t<\/section>\n\t\t\t\t<\/div>","protected":false},"excerpt":{"rendered":"<p>Qui\u00e9nes somos Comprometidos con tu satisfacci\u00f3n y excelencia en cada proyecto Quienes somos Nuestra Pasi\u00f3n por la Construcci\u00f3n y la Transformaci\u00f3n En CONSTRUCCIONES TELDE 2001, S.L ., nos enorgullece ser una empresa l\u00edder en obras y reformas en Gran Canaria, brindando soluciones personalizadas y resultados excepcionales a nuestros clientes. Con una trayectoria s\u00f3lida en la [&hellip;]<\/p>\n","protected":false},"author":1,"featured_media":0,"parent":0,"menu_order":2,"comment_status":"closed","ping_status":"closed","template":"","meta":{"site-sidebar-layout":"no-sidebar","site-content-layout":"page-builder","ast-site-content-layout":"default","site-content-style":"default","site-sidebar-style":"default","ast-global-header-display":"","ast-banner-title-visibility":"","ast-main-header-display":"","ast-hfb-above-header-display":"","ast-hfb-below-header-display":"","ast-hfb-mobile-header-display":"","site-post-title":"disabled","ast-breadcrumbs-content":"","ast-featured-img":"disabled","footer-sml-layout":"","ast-disable-related-posts":"","theme-transparent-header-meta":"default","adv-header-id-meta":"","stick-header-meta":"default","header-above-stick-meta":"","header-main-stick-meta":"","header-below-stick-meta":"","astra-migrate-meta-layouts":"default","ast-page-background-enabled":"default","ast-page-background-meta":{"desktop":{"background-color":"","background-image":"","background-repeat":"repeat","background-position":"center center","background-size":"auto","background-attachment":"scroll","background-type":"","background-media":"","overlay-type":"","overlay-color":"","overlay-opacity":"","overlay-gradient":""},"tablet":{"background-color":"","background-image":"","background-repeat":"repeat","background-position":"center center","background-size":"auto","background-attachment":"scroll","background-type":"","background-media":"","overlay-type":"","overlay-color":"","overlay-opacity":"","overlay-gradient":""},"mobile":{"background-color":"","background-image":"","background-repeat":"repeat","background-position":"center center","background-size":"auto","background-attachment":"scroll","background-type":"","background-media":"","overlay-type":"","overlay-color":"","overlay-opacity":"","overlay-gradient":""}},"ast-content-background-meta":{"desktop":{"background-color":"var(--ast-global-color-5)","background-image":"","background-repeat":"repeat","background-position":"center center","background-size":"auto","background-attachment":"scroll","background-type":"","background-media":"","overlay-type":"","overlay-color":"","overlay-opacity":"","overlay-gradient":""},"tablet":{"background-color":"var(--ast-global-color-5)","background-image":"","background-repeat":"repeat","background-position":"center center","background-size":"auto","background-attachment":"scroll","background-type":"","background-media":"","overlay-type":"","overlay-color":"","overlay-opacity":"","overlay-gradient":""},"mobile":{"background-color":"var(--ast-global-color-5)","background-image":"","background-repeat":"repeat","background-position":"center center","background-size":"auto","background-attachment":"scroll","background-type":"","background-media":"","overlay-type":"","overlay-color":"","overlay-opacity":"","overlay-gradient":""}},"footnotes":""},"class_list":["post-1190","page","type-page","status-publish","hentry"],"yoast_head":"<!-- This site is optimized with the Yoast SEO plugin v27.4 - https:\/\/yoast.com\/product\/yoast-seo-wordpress\/ -->\n<title>Nosotros - CONSTRUCCIONES TELDE 2001<\/title>\n<meta name=\"description\" content=\"Empresa l\u00edder en obras y reformas en Gran Canaria, brindando soluciones personalizadas y resultados excepcionales\" \/>\n<meta name=\"robots\" content=\"index, follow, max-snippet:-1, max-image-preview:large, max-video-preview:-1\" \/>\n<link rel=\"canonical\" href=\"https:\/\/www.telde2001.com\/en\/us\/\" \/>\n<meta property=\"og:locale\" content=\"en_US\" \/>\n<meta property=\"og:type\" content=\"article\" \/>\n<meta property=\"og:title\" content=\"Nosotros - CONSTRUCCIONES TELDE 2001\" \/>\n<meta property=\"og:description\" content=\"Empresa l\u00edder en obras y reformas en Gran Canaria, brindando soluciones personalizadas y resultados excepcionales\" \/>\n<meta property=\"og:url\" content=\"https:\/\/www.telde2001.com\/en\/us\/\" \/>\n<meta property=\"og:site_name\" content=\"CONSTRUCCIONES TELDE 2001\" \/>\n<meta property=\"article:publisher\" content=\"https:\/\/www.facebook.com\/CT2001.SL\" \/>\n<meta property=\"article:modified_time\" content=\"2023-10-30T16:11:29+00:00\" \/>\n<meta property=\"og:image\" content=\"https:\/\/www.telde2001.com\/wp-content\/uploads\/2023\/05\/458225_496980323658547_1000638643_o.jpg\" \/>\n<meta name=\"twitter:card\" content=\"summary_large_image\" \/>\n<script type=\"application\/ld+json\" class=\"yoast-schema-graph\">{\"@context\":\"https:\\\/\\\/schema.org\",\"@graph\":[{\"@type\":\"WebPage\",\"@id\":\"https:\\\/\\\/www.telde2001.com\\\/nosotros\\\/\",\"url\":\"https:\\\/\\\/www.telde2001.com\\\/nosotros\\\/\",\"name\":\"Nosotros - CONSTRUCCIONES TELDE 2001\",\"isPartOf\":{\"@id\":\"https:\\\/\\\/www.telde2001.com\\\/#website\"},\"primaryImageOfPage\":{\"@id\":\"https:\\\/\\\/www.telde2001.com\\\/nosotros\\\/#primaryimage\"},\"image\":{\"@id\":\"https:\\\/\\\/www.telde2001.com\\\/nosotros\\\/#primaryimage\"},\"thumbnailUrl\":\"https:\\\/\\\/www.telde2001.com\\\/wp-content\\\/uploads\\\/2023\\\/05\\\/458225_496980323658547_1000638643_o.jpg\",\"datePublished\":\"2023-05-04T15:51:54+00:00\",\"dateModified\":\"2023-10-30T16:11:29+00:00\",\"description\":\"Empresa l\u00edder en obras y reformas en Gran Canaria, brindando soluciones personalizadas y resultados excepcionales\",\"breadcrumb\":{\"@id\":\"https:\\\/\\\/www.telde2001.com\\\/nosotros\\\/#breadcrumb\"},\"inLanguage\":\"en-US\",\"potentialAction\":[{\"@type\":\"ReadAction\",\"target\":[\"https:\\\/\\\/www.telde2001.com\\\/nosotros\\\/\"]}]},{\"@type\":\"ImageObject\",\"inLanguage\":\"en-US\",\"@id\":\"https:\\\/\\\/www.telde2001.com\\\/nosotros\\\/#primaryimage\",\"url\":\"https:\\\/\\\/www.telde2001.com\\\/wp-content\\\/uploads\\\/2023\\\/05\\\/458225_496980323658547_1000638643_o.jpg\",\"contentUrl\":\"https:\\\/\\\/www.telde2001.com\\\/wp-content\\\/uploads\\\/2023\\\/05\\\/458225_496980323658547_1000638643_o.jpg\"},{\"@type\":\"BreadcrumbList\",\"@id\":\"https:\\\/\\\/www.telde2001.com\\\/nosotros\\\/#breadcrumb\",\"itemListElement\":[{\"@type\":\"ListItem\",\"position\":1,\"name\":\"Inicio\",\"item\":\"https:\\\/\\\/www.telde2001.com\\\/\"},{\"@type\":\"ListItem\",\"position\":2,\"name\":\"Nosotros\"}]},{\"@type\":\"WebSite\",\"@id\":\"https:\\\/\\\/www.telde2001.com\\\/#website\",\"url\":\"https:\\\/\\\/www.telde2001.com\\\/\",\"name\":\"CONSTRUCCIONES TELDE 2001\",\"description\":\"Construcion y reformas en general\",\"publisher\":{\"@id\":\"https:\\\/\\\/www.telde2001.com\\\/#organization\"},\"potentialAction\":[{\"@type\":\"SearchAction\",\"target\":{\"@type\":\"EntryPoint\",\"urlTemplate\":\"https:\\\/\\\/www.telde2001.com\\\/?s={search_term_string}\"},\"query-input\":{\"@type\":\"PropertyValueSpecification\",\"valueRequired\":true,\"valueName\":\"search_term_string\"}}],\"inLanguage\":\"en-US\"},{\"@type\":\"Organization\",\"@id\":\"https:\\\/\\\/www.telde2001.com\\\/#organization\",\"name\":\"Construcciones Telde 2001\",\"url\":\"https:\\\/\\\/www.telde2001.com\\\/\",\"logo\":{\"@type\":\"ImageObject\",\"inLanguage\":\"en-US\",\"@id\":\"https:\\\/\\\/www.telde2001.com\\\/#\\\/schema\\\/logo\\\/image\\\/\",\"url\":\"https:\\\/\\\/www.telde2001.com\\\/wp-content\\\/uploads\\\/2023\\\/06\\\/cropped-ct.png\",\"contentUrl\":\"https:\\\/\\\/www.telde2001.com\\\/wp-content\\\/uploads\\\/2023\\\/06\\\/cropped-ct.png\",\"width\":512,\"height\":512,\"caption\":\"Construcciones Telde 2001\"},\"image\":{\"@id\":\"https:\\\/\\\/www.telde2001.com\\\/#\\\/schema\\\/logo\\\/image\\\/\"},\"sameAs\":[\"https:\\\/\\\/www.facebook.com\\\/CT2001.SL\",\"http:\\\/\\\/www.instagram.com\\\/construcciones_telde_2001\"]}]}<\/script>\n<!-- \/ Yoast SEO plugin. -->","yoast_head_json":{"title":"US - CONSTRUCCIONES TELDE 2001","description":"Leading company in works and reforms in Gran Canaria, providing personalized solutions and exceptional results","robots":{"index":"index","follow":"follow","max-snippet":"max-snippet:-1","max-image-preview":"max-image-preview:large","max-video-preview":"max-video-preview:-1"},"canonical":"https:\/\/www.telde2001.com\/en\/us\/","og_locale":"en_US","og_type":"article","og_title":"Nosotros - CONSTRUCCIONES TELDE 2001","og_description":"Empresa l\u00edder en obras y reformas en Gran Canaria, brindando soluciones personalizadas y resultados excepcionales","og_url":"https:\/\/www.telde2001.com\/en\/us\/","og_site_name":"CONSTRUCCIONES TELDE 2001","article_publisher":"https:\/\/www.facebook.com\/CT2001.SL","article_modified_time":"2023-10-30T16:11:29+00:00","og_image":[{"url":"https:\/\/www.telde2001.com\/wp-content\/uploads\/2023\/05\/458225_496980323658547_1000638643_o.jpg","type":"","width":"","height":""}],"twitter_card":"summary_large_image","schema":{"@context":"https:\/\/schema.org","@graph":[{"@type":"WebPage","@id":"https:\/\/www.telde2001.com\/nosotros\/","url":"https:\/\/www.telde2001.com\/nosotros\/","name":"US - CONSTRUCCIONES TELDE 2001","isPartOf":{"@id":"https:\/\/www.telde2001.com\/#website"},"primaryImageOfPage":{"@id":"https:\/\/www.telde2001.com\/nosotros\/#primaryimage"},"image":{"@id":"https:\/\/www.telde2001.com\/nosotros\/#primaryimage"},"thumbnailUrl":"https:\/\/www.telde2001.com\/wp-content\/uploads\/2023\/05\/458225_496980323658547_1000638643_o.jpg","datePublished":"2023-05-04T15:51:54+00:00","dateModified":"2023-10-30T16:11:29+00:00","description":"Leading company in works and reforms in Gran Canaria, providing personalized solutions and exceptional results","breadcrumb":{"@id":"https:\/\/www.telde2001.com\/nosotros\/#breadcrumb"},"inLanguage":"en-US","potentialAction":[{"@type":"ReadAction","target":["https:\/\/www.telde2001.com\/nosotros\/"]}]},{"@type":"ImageObject","inLanguage":"en-US","@id":"https:\/\/www.telde2001.com\/nosotros\/#primaryimage","url":"https:\/\/www.telde2001.com\/wp-content\/uploads\/2023\/05\/458225_496980323658547_1000638643_o.jpg","contentUrl":"https:\/\/www.telde2001.com\/wp-content\/uploads\/2023\/05\/458225_496980323658547_1000638643_o.jpg"},{"@type":"BreadcrumbList","@id":"https:\/\/www.telde2001.com\/nosotros\/#breadcrumb","itemListElement":[{"@type":"ListItem","position":1,"name":"Inicio","item":"https:\/\/www.telde2001.com\/"},{"@type":"ListItem","position":2,"name":"Nosotros"}]},{"@type":"WebSite","@id":"https:\/\/www.telde2001.com\/#website","url":"https:\/\/www.telde2001.com\/","name":"CONSTRUCCIONES TELDE 2001","description":"Construction and reforms in general","publisher":{"@id":"https:\/\/www.telde2001.com\/#organization"},"potentialAction":[{"@type":"SearchAction","target":{"@type":"EntryPoint","urlTemplate":"https:\/\/www.telde2001.com\/?s={search_term_string}"},"query-input":{"@type":"PropertyValueSpecification","valueRequired":true,"valueName":"search_term_string"}}],"inLanguage":"en-US"},{"@type":"Organization","@id":"https:\/\/www.telde2001.com\/#organization","name":"Construcciones Telde 2001","url":"https:\/\/www.telde2001.com\/","logo":{"@type":"ImageObject","inLanguage":"en-US","@id":"https:\/\/www.telde2001.com\/#\/schema\/logo\/image\/","url":"https:\/\/www.telde2001.com\/wp-content\/uploads\/2023\/06\/cropped-ct.png","contentUrl":"https:\/\/www.telde2001.com\/wp-content\/uploads\/2023\/06\/cropped-ct.png","width":512,"height":512,"caption":"Construcciones Telde 2001"},"image":{"@id":"https:\/\/www.telde2001.com\/#\/schema\/logo\/image\/"},"sameAs":["https:\/\/www.facebook.com\/CT2001.SL","http:\/\/www.instagram.com\/construcciones_telde_2001"]}]}},"_links":{"self":[{"href":"https:\/\/www.telde2001.com\/en\/wp-json\/wp\/v2\/pages\/1190","targetHints":{"allow":["GET"]}}],"collection":[{"href":"https:\/\/www.telde2001.com\/en\/wp-json\/wp\/v2\/pages"}],"about":[{"href":"https:\/\/www.telde2001.com\/en\/wp-json\/wp\/v2\/types\/page"}],"author":[{"embeddable":true,"href":"https:\/\/www.telde2001.com\/en\/wp-json\/wp\/v2\/users\/1"}],"replies":[{"embeddable":true,"href":"https:\/\/www.telde2001.com\/en\/wp-json\/wp\/v2\/comments?post=1190"}],"version-history":[{"count":44,"href":"https:\/\/www.telde2001.com\/en\/wp-json\/wp\/v2\/pages\/1190\/revisions"}],"predecessor-version":[{"id":1903,"href":"https:\/\/www.telde2001.com\/en\/wp-json\/wp\/v2\/pages\/1190\/revisions\/1903"}],"wp:attachment":[{"href":"https:\/\/www.telde2001.com\/en\/wp-json\/wp\/v2\/media?parent=1190"}],"curies":[{"name":"wp","href":"https:\/\/api.w.org\/{rel}","templated":true}]}}